{"id":154,"date":"2020-08-13T09:52:57","date_gmt":"2020-08-13T07:52:57","guid":{"rendered":"http:\/\/www.e-n-r.at\/?page_id=154"},"modified":"2020-08-26T11:44:46","modified_gmt":"2020-08-26T09:44:46","slug":"impressum","status":"publish","type":"page","link":"https:\/\/www.e-n-r.at\/de\/impressum\/","title":{"rendered":"Impressum"},"content":{"rendered":"\n<div style=\"display: none;\" class=\"crellyslider-slider crellyslider-slider-full-width crellyslider-slider-impressum_(de) crellyslider-9\" id=\"crellyslider-9\">\n<ul>\n<li\nstyle=\"\nbackground-color: transparent;\nbackground-image: url('https:\/\/www.e-n-r.at\/wp-content\/uploads\/2020\/08\/Startseite-slider-pic-1.jpg');\nbackground-position: center center;\nbackground-repeat: no-repeat;\nbackground-size: cover;\n\n\"\ndata-in=\"fade\"\ndata-ease-in=\"300\"\ndata-out=\"fade\"\ndata-ease-out=\"300\"\ndata-time=\"3000\"\n>\n<div\nclass=\"caption static anfahrt\"\nstyle=\"z-index: 1;\n\n\"\ndata-delay=\"0\"\ndata-ease-in=\"300\"\ndata-ease-out=\"300\"\ndata-in=\"fade\"\ndata-out=\"fade\"\ndata-ignore-ease-out=\"0\"\ndata-top=\"189\"\ndata-left=\"544\"\ndata-time=\"all\"\n>Impressum<\/div>\n<\/li>\n<\/ul>\n<\/div>\n<script type=\"text\/javascript\">\n(function($) {\n$(document).ready(function() {\n$(\"#crellyslider-9\").crellySlider({\nlayout: 'full-width',\nresponsive: 1,\nstartWidth: 1140,\nstartHeight: 400,\nautomaticSlide: 0,\nshowControls: 0,\nshowNavigation: 0,\nenableSwipe: 0,\nshowProgressBar: 0,\npauseOnHover: 0,\nrandomOrder: 0,\nstartFromSlide: 0,\nbeforeStart : function() {},\nbeforeSetResponsive : function() {},\nbeforeSlideStart : function() {},\nbeforePause\t: function() {},\nbeforeResume : function() {},\n});\n});\n})(jQuery);\n<\/script>\n\n\n\n\n<div class=\"wp-block-group impressum\"><div class=\"wp-block-group__inner-container\">\n<h3 class=\"headline red\"><strong>ECKERT \u2022 NITTMANN Rechtsanw\u00e4lte GmbH<\/strong><\/h3>\n\n\n\n<p>Mariahilfer Stra\u00dfe 1b<br>1060 Wien<br>\u00d6sterreich<\/p>\n\n\n\n<p><strong>Gesch\u00e4ftsf\u00fchrer<\/strong><br>Herrn Dr. Eckert Erik<br>Einzelperson<br>alleinvertretungsberechtigt<\/p>\n\n\n\n<p><strong>Gesch\u00e4ftsf\u00fchrerin<\/strong><br>Frau Mag. Nittmann Ulrike<br>Einzelperson<br>alleinvertretungsberechtigt<\/p>\n\n\n\n<p><strong>Firmenbuchnummer:<\/strong><br>FN 119191 g<\/p>\n\n\n\n<p><strong>UID-Nummer:<\/strong><br>ATU53543009<\/p>\n\n\n\n<p><strong>Bank-Verbindungen:<\/strong><br>Raiffeisenlandesbank Ober\u00f6sterreich Aktiengesellschaft \u2013 Privat Bank Wien<br>1010 Wien<br>(BIC: RZOOAT2L \/ IBAN: AT98 3400 0000 0720 2500)<\/p>\n\n\n\n<p>Erste Bank der oesterreichischen Sparkassen AG<br>1010 Wien<br>(BIC: GIBAATWWXXX \/ BLZ: 20111)<\/p>\n\n\n\n<p><a href=\"https:\/\/www.e-n-r.at\/wp-content\/uploads\/2018\/03\/Standarderledigung_627_14.pdf\" target=\"_blank\" rel=\"noreferrer noopener\">DVR-Nr.: 4011453<\/a><\/p>\n\n\n\n<p><strong>Konzeption, Design und Umsetzung:<\/strong><br>AG MEDIA GmbH<br>Halbgasse 25 1-4<br>1070 Wien<br>E-Mail: <a href=\"javascript:DeCryptX('1p1g0f2k0c3h1A3d3j0m3h0d1j0a203d3w')\">office@agmedia.at<\/a><br>Online: <a href=\"http:\/\/www.agmedia.at\/\" target=\"_blank\" rel=\"noreferrer noopener\">www.agmedia.at<\/a><\/p>\n\n\n\n<p><strong>Urheberrecht<\/strong><br>Die Inhalte der Website der Eckert \u2022 Nittmann Rechtsanw\u00e4lte GmbH sind urheberrechtlich gesch\u00fctzt und nur f\u00fcr die pers\u00f6nliche Verwendung bestimmt. Jede den Bestimmungen des Urheberrechtsgesetzes widersprechende Verwendung von Inhalten dieser Website ohne ausdr\u00fcckliche vorherige Zustimmung des Urhebers ist untersagt.<\/p>\n<\/div><\/div>\n","protected":false},"excerpt":{"rendered":"","protected":false},"author":1,"featured_media":0,"parent":0,"menu_order":0,"comment_status":"closed","ping_status":"closed","template":"","meta":[],"_links":{"self":[{"href":"https:\/\/www.e-n-r.at\/de\/wp-json\/wp\/v2\/pages\/154"}],"collection":[{"href":"https:\/\/www.e-n-r.at\/de\/wp-json\/wp\/v2\/pages"}],"about":[{"href":"https:\/\/www.e-n-r.at\/de\/wp-json\/wp\/v2\/types\/page"}],"author":[{"embeddable":true,"href":"https:\/\/www.e-n-r.at\/de\/wp-json\/wp\/v2\/users\/1"}],"replies":[{"embeddable":true,"href":"https:\/\/www.e-n-r.at\/de\/wp-json\/wp\/v2\/comments?post=154"}],"version-history":[{"count":7,"href":"https:\/\/www.e-n-r.at\/de\/wp-json\/wp\/v2\/pages\/154\/revisions"}],"predecessor-version":[{"id":480,"href":"https:\/\/www.e-n-r.at\/de\/wp-json\/wp\/v2\/pages\/154\/revisions\/480"}],"wp:attachment":[{"href":"https:\/\/www.e-n-r.at\/de\/wp-json\/wp\/v2\/media?parent=154"}],"curies":[{"name":"wp","href":"https:\/\/api.w.org\/{rel}","templated":true}]}}