{"id":158,"date":"2020-08-13T09:53:53","date_gmt":"2020-08-13T07:53:53","guid":{"rendered":"http:\/\/www.e-n-r.at\/?page_id=158"},"modified":"2020-08-26T11:53:31","modified_gmt":"2020-08-26T09:53:31","slug":"disclaimer","status":"publish","type":"page","link":"https:\/\/www.e-n-r.at\/de\/disclaimer\/","title":{"rendered":"Disclaimer"},"content":{"rendered":"\n<div style=\"display: none;\" class=\"crellyslider-slider crellyslider-slider-full-width crellyslider-slider-disclaimer_(de,_en) crellyslider-11\" id=\"crellyslider-11\">\n<ul>\n<li\nstyle=\"\nbackground-color: transparent;\nbackground-image: url('https:\/\/www.e-n-r.at\/wp-content\/uploads\/2020\/08\/MG_4134-kanzlei-header.jpg');\nbackground-position: center center;\nbackground-repeat: no-repeat;\nbackground-size: cover;\n\n\"\ndata-in=\"fade\"\ndata-ease-in=\"300\"\ndata-out=\"fade\"\ndata-ease-out=\"300\"\ndata-time=\"3000\"\n>\n<div\nclass=\"caption static kanzlei\"\nstyle=\"z-index: 1;\n\n\"\ndata-delay=\"0\"\ndata-ease-in=\"300\"\ndata-ease-out=\"300\"\ndata-in=\"fade\"\ndata-out=\"fade\"\ndata-ignore-ease-out=\"0\"\ndata-top=\"189\"\ndata-left=\"545\"\ndata-time=\"all\"\n>Disclaimer<\/div>\n<\/li>\n<\/ul>\n<\/div>\n<script type=\"text\/javascript\">\n(function($) {\n$(document).ready(function() {\n$(\"#crellyslider-11\").crellySlider({\nlayout: 'full-width',\nresponsive: 1,\nstartWidth: 1140,\nstartHeight: 400,\nautomaticSlide: 0,\nshowControls: 0,\nshowNavigation: 0,\nenableSwipe: 0,\nshowProgressBar: 0,\npauseOnHover: 0,\nrandomOrder: 0,\nstartFromSlide: 0,\nbeforeStart : function() {},\nbeforeSetResponsive : function() {},\nbeforeSlideStart : function() {},\nbeforePause\t: function() {},\nbeforeResume : function() {},\n});\n});\n})(jQuery);\n<\/script>\n\n\n\n\n<div class=\"wp-block-group impressum\"><div class=\"wp-block-group__inner-container\">\n<p><strong>Haftungsausschluss<\/strong><br>Die auf der Homepage der Eckert \u2022 Nittmann Rechtsanw\u00e4lte GmbH bereitgestellten Informationen dienen allgemeinen Informationszwecken und nicht der rechtlichen Beratung oder anderen Beratungsdienstleistungen.<\/p>\n\n\n\n<p>Vor allem stellen die Inhalte dieser Seite keine Rechtsauskunft oder anderweitige professionelle Auskunft sowie keinen Ersatz f\u00fcr eine fachliche und auf die konkreten Umst\u00e4nde des Einzelfalls bezogene Beratung dar. Die zur Verf\u00fcgung gestellten Informationen begr\u00fcnden kein Beratungsverh\u00e4ltnis, welcher Art auch immer, insbesondere keine Anwalt-Klienten-Beziehung.<\/p>\n\n\n\n<p>Der Autor bzw die Eckert \u2022 Nittmann Rechtsanw\u00e4lte GmbH als Betreiber dieser Website ist bestrebt, die angebotenen Inhalte sorgf\u00e4ltig zu pr\u00fcfen und nach bestem Wissen und Gewissen aktuell, vollst\u00e4ndig und richtig darzustellen und aktuell zu halten.<\/p>\n\n\n\n<p>Dennoch wird jegliche Haftung ausgeschlossen, die sich aus der Nutzung (oder Nichtnutzung) der angebotenen Informationen ergeben k\u00f6nnen.<\/p>\n\n\n\n<p>Die Website der Eckert \u2022 Nittmann Rechtsanw\u00e4lte GmbH kann weiters Links zu externen Websites enthalten, f\u00fcr deren Inhalte die Eckert \u2022 Nittmann Rechtsanw\u00e4lte GmbH jedoch keine wie immer geartete Verantwortung oder Haftung \u00fcbernimmt. Zudem wird keine wie immer geartete Haftung und Verantwortung f\u00fcr fremde Websites \u00fcbernommen, von denen durch Hyperlinks auf diese Website verwiesen wird.<\/p>\n<\/div><\/div>\n","protected":false},"excerpt":{"rendered":"","protected":false},"author":1,"featured_media":0,"parent":0,"menu_order":0,"comment_status":"closed","ping_status":"closed","template":"","meta":[],"_links":{"self":[{"href":"https:\/\/www.e-n-r.at\/de\/wp-json\/wp\/v2\/pages\/158"}],"collection":[{"href":"https:\/\/www.e-n-r.at\/de\/wp-json\/wp\/v2\/pages"}],"about":[{"href":"https:\/\/www.e-n-r.at\/de\/wp-json\/wp\/v2\/types\/page"}],"author":[{"embeddable":true,"href":"https:\/\/www.e-n-r.at\/de\/wp-json\/wp\/v2\/users\/1"}],"replies":[{"embeddable":true,"href":"https:\/\/www.e-n-r.at\/de\/wp-json\/wp\/v2\/comments?post=158"}],"version-history":[{"count":3,"href":"https:\/\/www.e-n-r.at\/de\/wp-json\/wp\/v2\/pages\/158\/revisions"}],"predecessor-version":[{"id":484,"href":"https:\/\/www.e-n-r.at\/de\/wp-json\/wp\/v2\/pages\/158\/revisions\/484"}],"wp:attachment":[{"href":"https:\/\/www.e-n-r.at\/de\/wp-json\/wp\/v2\/media?parent=158"}],"curies":[{"name":"wp","href":"https:\/\/api.w.org\/{rel}","templated":true}]}}